{"id":19335,"date":"2025-08-29T16:35:05","date_gmt":"2025-08-29T14:35:05","guid":{"rendered":"https:\/\/www.allinhouse.nl\/yamato\/conditions-de-service-e-service\/"},"modified":"2026-01-06T14:33:02","modified_gmt":"2026-01-06T13:33:02","slug":"conditions-de-service-e-service","status":"publish","type":"page","link":"https:\/\/www.allinhouse.nl\/fr\/conditions-de-service-e-service\/","title":{"rendered":"Conditions de E-Service"},"content":{"rendered":"\t\t<div data-elementor-type=\"wp-page\" data-elementor-id=\"19335\" class=\"elementor elementor-19335 elementor-19328\" data-elementor-post-type=\"page\">\n\t\t\t\t<div class=\"elementor-element elementor-element-ce962aa e-flex e-con-boxed e-con e-parent\" data-id=\"ce962aa\" data-element_type=\"container\">\n\t\t\t\t\t<div class=\"e-con-inner\">\n\t\t\t\t<div class=\"elementor-element elementor-element-fbc480e elementor-widget elementor-widget-text-editor\" data-id=\"fbc480e\" data-element_type=\"widget\" data-widget_type=\"text-editor.default\">\n\t\t\t\t<div class=\"elementor-widget-container\">\n\t\t\t\t\t\t\t\t\t<p><strong>Attention<\/strong> : Ces conditions de service ne s\u2019appliquent qu\u2019aux Pays-Bas<\/p><h3>Votre preuve officielle de service<\/h3><p>Conservez la preuve d\u2019achat originale de votre nouveau meuble avec les tickets E-Service contenus dans l\u2019enveloppe (ou les enveloppes) re\u00e7ue(s), ou la preuve d\u2019achat originale de votre nouveau meuble avec le certificat enregistr\u00e9 \u00e0 votre nom que vous avez re\u00e7u par courrier. L\u2019une de ces combinaisons constitue votre preuve E-Service officielle. <\/p><h3>Qu&rsquo;est-ce qui est inclus dans le service ?<\/h3><p><strong>Service \u00e9lectronique<\/strong><\/p><p>Nous proposons des solutions pour les probl\u00e8mes \u00e9lectroniques suivants :<\/p><ul><li>R\u00e9paration des m\u00e9canismes de fonctionnement<\/li><li>R\u00e9paration ou remplacement de moteurs<\/li><li>R\u00e9paration ou remplacement de transformateurs<\/li><li>R\u00e9paration ou remplacement des batteries<\/li><li>R\u00e9paration ou remplacement d\u2019autres pi\u00e8ces \u00e9lectriques<\/li><\/ul><p><br><em>Veillez toujours \u00e0 ce qu\u2019une personne \u00e2g\u00e9e de 18 ans ou plus soit pr\u00e9sente et \u00e0 ce que l\u2019environnement de travail soit propre lors de la visite de nos sp\u00e9cialistes de service, afin qu\u2019ils puissent toujours faire leur travail correctement. En outre, pour leur propre s\u00e9curit\u00e9, nos sp\u00e9cialistes de service sont oblig\u00e9s de porter leurs chaussures de travail dans la maison. Ensemble, nous assurons que vos meubles restent en parfait \u00e9tat. Nous vous remercions pour votre cooperation.<\/em><\/p><h3>Qu\u2019est-ce qui ne rel\u00e8ve pas du service ?<\/h3><ul><li>Meubles utilis\u00e9s de mani\u00e8re inappropri\u00e9e<\/li><li>Dommages caus\u00e9s aux \u00e9l\u00e9ments \u00e9lectroniques par des produits chimiques, le transport ou lors de la livraison et l\u2019assemblage<\/li><li>Le service est personnel et non transf\u00e9rable<\/li><\/ul>\t\t\t\t\t\t\t\t<\/div>\n\t\t\t\t<\/div>\n\t\t\t\t\t<\/div>\n\t\t\t\t<\/div>\n\t\t\t\t<\/div>\n\t\t","protected":false},"excerpt":{"rendered":"<p>Attention : Ces conditions de service ne s\u2019appliquent qu\u2019aux Pays-Bas Votre preuve officielle de service Conservez la preuve d\u2019achat originale de votre nouveau meuble avec les tickets E-Service contenus dans l\u2019enveloppe (ou les enveloppes) re\u00e7ue(s), ou la preuve d\u2019achat originale de votre nouveau meuble avec le certificat enregistr\u00e9 \u00e0 votre nom que vous avez re\u00e7u [&hellip;]<\/p>\n","protected":false},"author":2,"featured_media":0,"parent":0,"menu_order":0,"comment_status":"closed","ping_status":"closed","template":"","meta":{"inline_featured_image":false,"footnotes":""},"class_list":["post-19335","page","type-page","status-publish","hentry"],"yoast_head":"<!-- This site is optimized with the Yoast SEO plugin v26.9 - https:\/\/yoast.com\/product\/yoast-seo-wordpress\/ -->\n<title>Conditions de E-Service - All in House Service<\/title>\n<meta name=\"robots\" content=\"index, follow, max-snippet:-1, max-image-preview:large, max-video-preview:-1\" \/>\n<link rel=\"canonical\" href=\"https:\/\/www.allinhouse.nl\/servicevoorwaarden-e-service\/\" \/>\n<meta property=\"og:locale\" content=\"fr_FR\" \/>\n<meta property=\"og:type\" content=\"article\" \/>\n<meta property=\"og:title\" content=\"Conditions de E-Service - All in House Service\" \/>\n<meta property=\"og:description\" content=\"Attention : Ces conditions de service ne s\u2019appliquent qu\u2019aux Pays-Bas Votre preuve officielle de service Conservez la preuve d\u2019achat originale de votre nouveau meuble avec les tickets E-Service contenus dans l\u2019enveloppe (ou les enveloppes) re\u00e7ue(s), ou la preuve d\u2019achat originale de votre nouveau meuble avec le certificat enregistr\u00e9 \u00e0 votre nom que vous avez re\u00e7u [&hellip;]\" \/>\n<meta property=\"og:url\" content=\"https:\/\/www.allinhouse.nl\/servicevoorwaarden-e-service\/\" \/>\n<meta property=\"og:site_name\" content=\"All in House Service\" \/>\n<meta property=\"article:publisher\" content=\"https:\/\/www.facebook.com\/allinhouseservice\" \/>\n<meta property=\"article:modified_time\" content=\"2026-01-06T13:33:02+00:00\" \/>\n<meta name=\"twitter:card\" content=\"summary_large_image\" \/>\n<meta name=\"twitter:label1\" content=\"Dur\u00e9e de lecture estim\u00e9e\" \/>\n\t<meta name=\"twitter:data1\" content=\"1 minute\" \/>\n<script type=\"application\/ld+json\" class=\"yoast-schema-graph\">{\"@context\":\"https:\/\/schema.org\",\"@graph\":[{\"@type\":\"WebPage\",\"@id\":\"https:\/\/www.allinhouse.nl\/servicevoorwaarden-e-service\/\",\"url\":\"https:\/\/www.allinhouse.nl\/servicevoorwaarden-e-service\/\",\"name\":\"Conditions de E-Service - All in House Service\",\"isPartOf\":{\"@id\":\"https:\/\/www.allinhouse.nl\/#website\"},\"datePublished\":\"2025-08-29T14:35:05+00:00\",\"dateModified\":\"2026-01-06T13:33:02+00:00\",\"breadcrumb\":{\"@id\":\"https:\/\/www.allinhouse.nl\/servicevoorwaarden-e-service\/#breadcrumb\"},\"inLanguage\":\"fr-FR\",\"potentialAction\":[{\"@type\":\"ReadAction\",\"target\":[\"https:\/\/www.allinhouse.nl\/servicevoorwaarden-e-service\/\"]}]},{\"@type\":\"BreadcrumbList\",\"@id\":\"https:\/\/www.allinhouse.nl\/servicevoorwaarden-e-service\/#breadcrumb\",\"itemListElement\":[{\"@type\":\"ListItem\",\"position\":1,\"name\":\"Home\",\"item\":\"https:\/\/www.allinhouse.nl\/fr\/\"},{\"@type\":\"ListItem\",\"position\":2,\"name\":\"Conditions de E-Service\"}]},{\"@type\":\"WebSite\",\"@id\":\"https:\/\/www.allinhouse.nl\/#website\",\"url\":\"https:\/\/www.allinhouse.nl\/\",\"name\":\"All in House\",\"description\":\"Just enjoy\",\"publisher\":{\"@id\":\"https:\/\/www.allinhouse.nl\/#organization\"},\"potentialAction\":[{\"@type\":\"SearchAction\",\"target\":{\"@type\":\"EntryPoint\",\"urlTemplate\":\"https:\/\/www.allinhouse.nl\/?s={search_term_string}\"},\"query-input\":{\"@type\":\"PropertyValueSpecification\",\"valueRequired\":true,\"valueName\":\"search_term_string\"}}],\"inLanguage\":\"fr-FR\"},{\"@type\":\"Organization\",\"@id\":\"https:\/\/www.allinhouse.nl\/#organization\",\"name\":\"All in House\",\"url\":\"https:\/\/www.allinhouse.nl\/\",\"logo\":{\"@type\":\"ImageObject\",\"inLanguage\":\"fr-FR\",\"@id\":\"https:\/\/www.allinhouse.nl\/#\/schema\/logo\/image\/\",\"url\":\"https:\/\/www.allinhouse.nl\/wp-content\/uploads\/2026\/01\/Logo-AIH-scaled.png\",\"contentUrl\":\"https:\/\/www.allinhouse.nl\/wp-content\/uploads\/2026\/01\/Logo-AIH-scaled.png\",\"width\":1764,\"height\":2560,\"caption\":\"All in House\"},\"image\":{\"@id\":\"https:\/\/www.allinhouse.nl\/#\/schema\/logo\/image\/\"},\"sameAs\":[\"https:\/\/www.facebook.com\/allinhouseservice\",\"https:\/\/www.instagram.com\/all_in_house_service_\/\"]}]}<\/script>\n<!-- \/ Yoast SEO plugin. -->","yoast_head_json":{"title":"Conditions de E-Service - All in House Service","robots":{"index":"index","follow":"follow","max-snippet":"max-snippet:-1","max-image-preview":"max-image-preview:large","max-video-preview":"max-video-preview:-1"},"canonical":"https:\/\/www.allinhouse.nl\/servicevoorwaarden-e-service\/","og_locale":"fr_FR","og_type":"article","og_title":"Conditions de E-Service - All in House Service","og_description":"Attention : Ces conditions de service ne s\u2019appliquent qu\u2019aux Pays-Bas Votre preuve officielle de service Conservez la preuve d\u2019achat originale de votre nouveau meuble avec les tickets E-Service contenus dans l\u2019enveloppe (ou les enveloppes) re\u00e7ue(s), ou la preuve d\u2019achat originale de votre nouveau meuble avec le certificat enregistr\u00e9 \u00e0 votre nom que vous avez re\u00e7u [&hellip;]","og_url":"https:\/\/www.allinhouse.nl\/servicevoorwaarden-e-service\/","og_site_name":"All in House Service","article_publisher":"https:\/\/www.facebook.com\/allinhouseservice","article_modified_time":"2026-01-06T13:33:02+00:00","twitter_card":"summary_large_image","twitter_misc":{"Dur\u00e9e de lecture estim\u00e9e":"1 minute"},"schema":{"@context":"https:\/\/schema.org","@graph":[{"@type":"WebPage","@id":"https:\/\/www.allinhouse.nl\/servicevoorwaarden-e-service\/","url":"https:\/\/www.allinhouse.nl\/servicevoorwaarden-e-service\/","name":"Conditions de E-Service - All in House Service","isPartOf":{"@id":"https:\/\/www.allinhouse.nl\/#website"},"datePublished":"2025-08-29T14:35:05+00:00","dateModified":"2026-01-06T13:33:02+00:00","breadcrumb":{"@id":"https:\/\/www.allinhouse.nl\/servicevoorwaarden-e-service\/#breadcrumb"},"inLanguage":"fr-FR","potentialAction":[{"@type":"ReadAction","target":["https:\/\/www.allinhouse.nl\/servicevoorwaarden-e-service\/"]}]},{"@type":"BreadcrumbList","@id":"https:\/\/www.allinhouse.nl\/servicevoorwaarden-e-service\/#breadcrumb","itemListElement":[{"@type":"ListItem","position":1,"name":"Home","item":"https:\/\/www.allinhouse.nl\/fr\/"},{"@type":"ListItem","position":2,"name":"Conditions de E-Service"}]},{"@type":"WebSite","@id":"https:\/\/www.allinhouse.nl\/#website","url":"https:\/\/www.allinhouse.nl\/","name":"All in House","description":"Just enjoy","publisher":{"@id":"https:\/\/www.allinhouse.nl\/#organization"},"potentialAction":[{"@type":"SearchAction","target":{"@type":"EntryPoint","urlTemplate":"https:\/\/www.allinhouse.nl\/?s={search_term_string}"},"query-input":{"@type":"PropertyValueSpecification","valueRequired":true,"valueName":"search_term_string"}}],"inLanguage":"fr-FR"},{"@type":"Organization","@id":"https:\/\/www.allinhouse.nl\/#organization","name":"All in House","url":"https:\/\/www.allinhouse.nl\/","logo":{"@type":"ImageObject","inLanguage":"fr-FR","@id":"https:\/\/www.allinhouse.nl\/#\/schema\/logo\/image\/","url":"https:\/\/www.allinhouse.nl\/wp-content\/uploads\/2026\/01\/Logo-AIH-scaled.png","contentUrl":"https:\/\/www.allinhouse.nl\/wp-content\/uploads\/2026\/01\/Logo-AIH-scaled.png","width":1764,"height":2560,"caption":"All in House"},"image":{"@id":"https:\/\/www.allinhouse.nl\/#\/schema\/logo\/image\/"},"sameAs":["https:\/\/www.facebook.com\/allinhouseservice","https:\/\/www.instagram.com\/all_in_house_service_\/"]}]}},"_links":{"self":[{"href":"https:\/\/www.allinhouse.nl\/fr\/wp-json\/wp\/v2\/pages\/19335","targetHints":{"allow":["GET"]}}],"collection":[{"href":"https:\/\/www.allinhouse.nl\/fr\/wp-json\/wp\/v2\/pages"}],"about":[{"href":"https:\/\/www.allinhouse.nl\/fr\/wp-json\/wp\/v2\/types\/page"}],"author":[{"embeddable":true,"href":"https:\/\/www.allinhouse.nl\/fr\/wp-json\/wp\/v2\/users\/2"}],"replies":[{"embeddable":true,"href":"https:\/\/www.allinhouse.nl\/fr\/wp-json\/wp\/v2\/comments?post=19335"}],"version-history":[{"count":3,"href":"https:\/\/www.allinhouse.nl\/fr\/wp-json\/wp\/v2\/pages\/19335\/revisions"}],"predecessor-version":[{"id":21174,"href":"https:\/\/www.allinhouse.nl\/fr\/wp-json\/wp\/v2\/pages\/19335\/revisions\/21174"}],"wp:attachment":[{"href":"https:\/\/www.allinhouse.nl\/fr\/wp-json\/wp\/v2\/media?parent=19335"}],"curies":[{"name":"wp","href":"https:\/\/api.w.org\/{rel}","templated":true}]}}