{"id":19471,"date":"2025-08-30T11:20:47","date_gmt":"2025-08-30T09:20:47","guid":{"rendered":"https:\/\/www.allinhouse.nl\/yamato\/les-conseils-meubles\/"},"modified":"2026-01-06T11:57:26","modified_gmt":"2026-01-06T10:57:26","slug":"les-conseils-meubles","status":"publish","type":"page","link":"https:\/\/www.allinhouse.nl\/fr\/les-conseils-meubles\/","title":{"rendered":"Les conseils meubles"},"content":{"rendered":"\t\t<div data-elementor-type=\"wp-page\" data-elementor-id=\"19471\" class=\"elementor elementor-19471 elementor-18951\" data-elementor-post-type=\"page\">\n\t\t\t\t<div class=\"elementor-element elementor-element-ba56321 e-con-full e-flex e-con e-parent\" data-id=\"ba56321\" data-element_type=\"container\">\n\t\t<div class=\"elementor-element elementor-element-c2b5f7b e-flex e-con-boxed e-con e-child\" data-id=\"c2b5f7b\" data-element_type=\"container\" data-settings=\"{&quot;background_background&quot;:&quot;classic&quot;}\">\n\t\t\t\t\t<div class=\"e-con-inner\">\n\t\t\t\t<div class=\"elementor-element elementor-element-eb3525e elementor-widget elementor-widget-heading\" data-id=\"eb3525e\" data-element_type=\"widget\" data-widget_type=\"heading.default\">\n\t\t\t\t<div class=\"elementor-widget-container\">\n\t\t\t\t\t<h2 class=\"elementor-heading-title elementor-size-default\">Les conseils mobilier de All in House<\/h2>\t\t\t\t<\/div>\n\t\t\t\t<\/div>\n\t\t\t\t\t<\/div>\n\t\t\t\t<\/div>\n\t\t\t\t<\/div>\n\t\t<div class=\"elementor-element elementor-element-d7e2af4 e-con-full e-flex e-con e-parent\" data-id=\"d7e2af4\" data-element_type=\"container\">\n\t\t<div class=\"elementor-element elementor-element-2f470e1 e-flex e-con-boxed e-con e-child\" data-id=\"2f470e1\" data-element_type=\"container\">\n\t\t\t\t\t<div class=\"e-con-inner\">\n\t\t\t\t<div class=\"elementor-element elementor-element-559d8ef elementor-widget elementor-widget-heading\" data-id=\"559d8ef\" data-element_type=\"widget\" data-widget_type=\"heading.default\">\n\t\t\t\t<div class=\"elementor-widget-container\">\n\t\t\t\t\t<h2 class=\"elementor-heading-title elementor-size-default\">Nos conseils pour profiter sans souci de vos meubles <\/h2>\t\t\t\t<\/div>\n\t\t\t\t<\/div>\n\t\t\t\t<div class=\"elementor-element elementor-element-7f9a3ca elementor-widget elementor-widget-text-editor\" data-id=\"7f9a3ca\" data-element_type=\"widget\" data-widget_type=\"text-editor.default\">\n\t\t\t\t<div class=\"elementor-widget-container\">\n\t\t\t\t\t\t\t\t\t<p><span data-contrast=\"auto\">Pour que vous puissiez profiter pleinement de votre nouveau meuble, vous avez re\u00e7u, lors de votre achat chez All in House, un set de services contenant nos produits d\u2019entretien haut de gamme. Ceux-ci vous permettront de garder facilement votre meuble en parfait \u00e9tat.<\/span><span data-ccp-props=\"{\"134233117\":false,\"134233118\":false,\"201341983\":0,\"335551550\":1,\"335551620\":1,\"335559685\":0,\"335559737\":0,\"335559738\":0,\"335559739\":160,\"335559740\":279}\"> <\/span><\/p><p><span data-contrast=\"auto\">Mais comment utiliser ces produits pour obtenir les meilleurs r\u00e9sultats ? Vous le d\u00e9couvrirez ci-dessous dans nos vid\u00e9os d\u2019instructions pratiques !<\/span><span data-ccp-props=\"{\"134233117\":false,\"134233118\":false,\"201341983\":0,\"335551550\":1,\"335551620\":1,\"335559685\":0,\"335559737\":0,\"335559738\":0,\"335559739\":160,\"335559740\":279}\"> <\/span><\/p>\t\t\t\t\t\t\t\t<\/div>\n\t\t\t\t<\/div>\n\t\t\t\t\t<\/div>\n\t\t\t\t<\/div>\n\t\t<div class=\"elementor-element elementor-element-a906fc4 e-con-full e-flex e-con e-child\" data-id=\"a906fc4\" data-element_type=\"container\" data-settings=\"{&quot;background_background&quot;:&quot;classic&quot;}\">\n\t\t<div class=\"elementor-element elementor-element-941fe54 e-flex e-con-boxed e-con e-child\" data-id=\"941fe54\" data-element_type=\"container\">\n\t\t\t\t\t<div class=\"e-con-inner\">\n\t\t\t\t<div class=\"elementor-element elementor-element-e6a9194 elementor-widget elementor-widget-heading\" data-id=\"e6a9194\" data-element_type=\"widget\" data-widget_type=\"heading.default\">\n\t\t\t\t<div class=\"elementor-widget-container\">\n\t\t\t\t\t<h3 class=\"elementor-heading-title elementor-size-default\">Pour les meubles en tissu <\/h3>\t\t\t\t<\/div>\n\t\t\t\t<\/div>\n\t\t<div class=\"elementor-element elementor-element-febd0d7 e-con-full e-flex e-con e-child\" data-id=\"febd0d7\" data-element_type=\"container\">\n\t\t<div class=\"elementor-element elementor-element-c8e090f e-con-full e-flex e-con e-child\" data-id=\"c8e090f\" data-element_type=\"container\">\n\t\t\t\t<\/div>\n\t\t<div class=\"elementor-element elementor-element-a8eefc1 e-con-full e-flex e-con e-child\" data-id=\"a8eefc1\" data-element_type=\"container\">\n\t\t\t\t<div class=\"elementor-element elementor-element-e5cf59c elementor-widget elementor-widget-text-editor\" data-id=\"e5cf59c\" data-element_type=\"widget\" data-widget_type=\"text-editor.default\">\n\t\t\t\t<div class=\"elementor-widget-container\">\n\t\t\t\t\t\t\t\t\t<p><strong>Textile Protector pour meubles d\u2019assise<\/strong><\/p><p>Avec le Textile Protector, vous pouvez prot\u00e9ger votre meuble d\u2019assise contre les taches les plus courantes d\u00e8s sa livraison.<\/p>\t\t\t\t\t\t\t\t<\/div>\n\t\t\t\t<\/div>\n\t\t\t\t<div class=\"elementor-element elementor-element-4083a49 elementor-widget elementor-widget-button\" data-id=\"4083a49\" data-element_type=\"widget\" data-widget_type=\"button.default\">\n\t\t\t\t<div class=\"elementor-widget-container\">\n\t\t\t\t\t\t\t\t\t<div class=\"elementor-button-wrapper\">\n\t\t\t\t\t<a class=\"elementor-button elementor-button-link elementor-size-sm\" href=\"https:\/\/allinhouse.nl\/instructievideos\/FR\/textileprotector.html\" target=\"_blank\" rel=\"nofollow\">\n\t\t\t\t\t\t<span class=\"elementor-button-content-wrapper\">\n\t\t\t\t\t\t<span class=\"elementor-button-icon\">\n\t\t\t\t<i aria-hidden=\"true\" class=\"fas fa-video\"><\/i>\t\t\t<\/span>\n\t\t\t\t\t\t\t\t\t<span class=\"elementor-button-text\">Vid\u00e9o d\u2019instructions pour le protecteur textile des meubles d\u2019assise<\/span>\n\t\t\t\t\t<\/span>\n\t\t\t\t\t<\/a>\n\t\t\t\t<\/div>\n\t\t\t\t\t\t\t\t<\/div>\n\t\t\t\t<\/div>\n\t\t\t\t<\/div>\n\t\t\t\t<\/div>\n\t\t<div class=\"elementor-element elementor-element-496d453 e-con-full e-flex e-con e-child\" data-id=\"496d453\" data-element_type=\"container\">\n\t\t<div class=\"elementor-element elementor-element-235a18a e-con-full e-flex e-con e-child\" data-id=\"235a18a\" data-element_type=\"container\">\n\t\t\t\t<\/div>\n\t\t<div class=\"elementor-element elementor-element-c4b8735 e-con-full e-flex e-con e-child\" data-id=\"c4b8735\" data-element_type=\"container\">\n\t\t\t\t<div class=\"elementor-element elementor-element-fd6ba43 elementor-widget elementor-widget-text-editor\" data-id=\"fd6ba43\" data-element_type=\"widget\" data-widget_type=\"text-editor.default\">\n\t\t\t\t<div class=\"elementor-widget-container\">\n\t\t\t\t\t\t\t\t\t<p><strong>Textile Protector pour lits boxspring <\/strong><\/p><p>Vous pouvez prot\u00e9ger les parties rembourr\u00e9es de votre lit boxspring contre les taches d\u00e8s la livraison gr\u00e2ce au Textile Protector. Regardez la vid\u00e9o ci-dessous pour conna\u00eetre nos instructions. <\/p>\t\t\t\t\t\t\t\t<\/div>\n\t\t\t\t<\/div>\n\t\t\t\t<div class=\"elementor-element elementor-element-128cc15 elementor-widget elementor-widget-button\" data-id=\"128cc15\" data-element_type=\"widget\" data-widget_type=\"button.default\">\n\t\t\t\t<div class=\"elementor-widget-container\">\n\t\t\t\t\t\t\t\t\t<div class=\"elementor-button-wrapper\">\n\t\t\t\t\t<a class=\"elementor-button elementor-button-link elementor-size-sm\" href=\"https:\/\/allinhouse.nl\/instructievideos\/FR\/boxspring.html\" target=\"_blank\" rel=\"nofollow\">\n\t\t\t\t\t\t<span class=\"elementor-button-content-wrapper\">\n\t\t\t\t\t\t<span class=\"elementor-button-icon\">\n\t\t\t\t<i aria-hidden=\"true\" class=\"fas fa-video\"><\/i>\t\t\t<\/span>\n\t\t\t\t\t\t\t\t\t<span class=\"elementor-button-text\">Vid\u00e9o d\u2019instructions Textile Protector pour boxsprings<\/span>\n\t\t\t\t\t<\/span>\n\t\t\t\t\t<\/a>\n\t\t\t\t<\/div>\n\t\t\t\t\t\t\t\t<\/div>\n\t\t\t\t<\/div>\n\t\t\t\t<\/div>\n\t\t\t\t<\/div>\n\t\t<div class=\"elementor-element elementor-element-eca89f3 e-con-full e-flex e-con e-child\" data-id=\"eca89f3\" data-element_type=\"container\">\n\t\t<div class=\"elementor-element elementor-element-f33ab95 e-con-full e-flex e-con e-child\" data-id=\"f33ab95\" data-element_type=\"container\">\n\t\t\t\t<\/div>\n\t\t<div class=\"elementor-element elementor-element-5fa9f88 e-con-full e-flex e-con e-child\" data-id=\"5fa9f88\" data-element_type=\"container\">\n\t\t\t\t<div class=\"elementor-element elementor-element-8cbeda4 elementor-widget elementor-widget-text-editor\" data-id=\"8cbeda4\" data-element_type=\"widget\" data-widget_type=\"text-editor.default\">\n\t\t\t\t<div class=\"elementor-widget-container\">\n\t\t\t\t\t\t\t\t\t<p><strong>Textile Cleaner<\/strong><\/p><p>Une tache persistante est apparue ? Vous pouvez utiliser le Textile Cleaner pour la nettoyer.  La vid\u00e9o ci-dessous vous explique comment faire.<\/p>\t\t\t\t\t\t\t\t<\/div>\n\t\t\t\t<\/div>\n\t\t\t\t<div class=\"elementor-element elementor-element-b96116d elementor-widget elementor-widget-button\" data-id=\"b96116d\" data-element_type=\"widget\" data-widget_type=\"button.default\">\n\t\t\t\t<div class=\"elementor-widget-container\">\n\t\t\t\t\t\t\t\t\t<div class=\"elementor-button-wrapper\">\n\t\t\t\t\t<a class=\"elementor-button elementor-button-link elementor-size-sm\" href=\"https:\/\/allinhouse.nl\/instructievideos\/FR\/textile-cleaner.html\" target=\"_blank\" rel=\"nofollow\">\n\t\t\t\t\t\t<span class=\"elementor-button-content-wrapper\">\n\t\t\t\t\t\t<span class=\"elementor-button-icon\">\n\t\t\t\t<i aria-hidden=\"true\" class=\"fas fa-video\"><\/i>\t\t\t<\/span>\n\t\t\t\t\t\t\t\t\t<span class=\"elementor-button-text\">Vid\u00e9o d\u2019instructions Textile Cleaner<\/span>\n\t\t\t\t\t<\/span>\n\t\t\t\t\t<\/a>\n\t\t\t\t<\/div>\n\t\t\t\t\t\t\t\t<\/div>\n\t\t\t\t<\/div>\n\t\t\t\t<\/div>\n\t\t\t\t<\/div>\n\t\t\t\t\t<\/div>\n\t\t\t\t<\/div>\n\t\t\t\t<\/div>\n\t\t<div class=\"elementor-element elementor-element-6a004d1 e-con-full e-flex e-con e-child\" data-id=\"6a004d1\" data-element_type=\"container\" data-settings=\"{&quot;background_background&quot;:&quot;classic&quot;}\">\n\t\t<div class=\"elementor-element elementor-element-bbb259b e-flex e-con-boxed e-con e-child\" data-id=\"bbb259b\" data-element_type=\"container\">\n\t\t\t\t\t<div class=\"e-con-inner\">\n\t\t\t\t<div class=\"elementor-element elementor-element-8a0578b elementor-widget elementor-widget-heading\" data-id=\"8a0578b\" data-element_type=\"widget\" data-widget_type=\"heading.default\">\n\t\t\t\t<div class=\"elementor-widget-container\">\n\t\t\t\t\t<h3 class=\"elementor-heading-title elementor-size-default\">Pour les meubles en cuir pigment\u00e9<\/h3>\t\t\t\t<\/div>\n\t\t\t\t<\/div>\n\t\t<div class=\"elementor-element elementor-element-459dfae e-con-full e-flex e-con e-child\" data-id=\"459dfae\" data-element_type=\"container\">\n\t\t<div class=\"elementor-element elementor-element-1cd2fda e-con-full e-flex e-con e-child\" data-id=\"1cd2fda\" data-element_type=\"container\">\n\t\t\t\t<\/div>\n\t\t<div class=\"elementor-element elementor-element-204794f e-con-full e-flex e-con e-child\" data-id=\"204794f\" data-element_type=\"container\">\n\t\t\t\t<div class=\"elementor-element elementor-element-a122273 elementor-widget elementor-widget-text-editor\" data-id=\"a122273\" data-element_type=\"widget\" data-widget_type=\"text-editor.default\">\n\t\t\t\t<div class=\"elementor-widget-container\">\n\t\t\t\t\t\t\t\t\t<p><strong>Leather Care &amp; Protect <\/strong><\/p><p>Avec le Leather Care &amp; Protect, vous pouvez prot\u00e9ger et entretenir vos meubles en cuir pigment\u00e9 imm\u00e9diatement apr\u00e8s leur livraison. Vous trouverez ci-dessous des conseils d&rsquo;utilisation de ce produit. <\/p>\t\t\t\t\t\t\t\t<\/div>\n\t\t\t\t<\/div>\n\t\t\t\t<div class=\"elementor-element elementor-element-ba738c7 elementor-widget elementor-widget-button\" data-id=\"ba738c7\" data-element_type=\"widget\" data-widget_type=\"button.default\">\n\t\t\t\t<div class=\"elementor-widget-container\">\n\t\t\t\t\t\t\t\t\t<div class=\"elementor-button-wrapper\">\n\t\t\t\t\t<a class=\"elementor-button elementor-button-link elementor-size-sm\" href=\"https:\/\/allinhouse.nl\/instructievideos\/FR\/leather-care-protect.html\" target=\"_blank\" rel=\"nofollow\">\n\t\t\t\t\t\t<span class=\"elementor-button-content-wrapper\">\n\t\t\t\t\t\t<span class=\"elementor-button-icon\">\n\t\t\t\t<i aria-hidden=\"true\" class=\"fas fa-video\"><\/i>\t\t\t<\/span>\n\t\t\t\t\t\t\t\t\t<span class=\"elementor-button-text\">Vid\u00e9o d\u2019instructions Leather Care &amp; Protect<\/span>\n\t\t\t\t\t<\/span>\n\t\t\t\t\t<\/a>\n\t\t\t\t<\/div>\n\t\t\t\t\t\t\t\t<\/div>\n\t\t\t\t<\/div>\n\t\t\t\t<\/div>\n\t\t\t\t<\/div>\n\t\t<div class=\"elementor-element elementor-element-5c5f4a8 e-con-full e-flex e-con e-child\" data-id=\"5c5f4a8\" data-element_type=\"container\">\n\t\t<div class=\"elementor-element elementor-element-2d8b719 e-con-full e-flex e-con e-child\" data-id=\"2d8b719\" data-element_type=\"container\">\n\t\t\t\t<\/div>\n\t\t<div class=\"elementor-element elementor-element-8707bbe e-con-full e-flex e-con e-child\" data-id=\"8707bbe\" data-element_type=\"container\">\n\t\t\t\t<div class=\"elementor-element elementor-element-0be4534 elementor-widget elementor-widget-text-editor\" data-id=\"0be4534\" data-element_type=\"widget\" data-widget_type=\"text-editor.default\">\n\t\t\t\t<div class=\"elementor-widget-container\">\n\t\t\t\t\t\t\t\t\t<p><strong>Leather Cleaner <\/strong><\/p><p>Une tache sur votre meuble en cuir ? Le Leather Cleaner est la solution !  Vous trouverez les instructions d\u2019utilisation de ce produit dans la vid\u00e9o ci-dessous. <\/p>\t\t\t\t\t\t\t\t<\/div>\n\t\t\t\t<\/div>\n\t\t\t\t<div class=\"elementor-element elementor-element-78e027e elementor-widget elementor-widget-button\" data-id=\"78e027e\" data-element_type=\"widget\" data-widget_type=\"button.default\">\n\t\t\t\t<div class=\"elementor-widget-container\">\n\t\t\t\t\t\t\t\t\t<div class=\"elementor-button-wrapper\">\n\t\t\t\t\t<a class=\"elementor-button elementor-button-link elementor-size-sm\" href=\"https:\/\/allinhouse.nl\/instructievideos\/FR\/leather-cleaner.html\" target=\"_blank\" rel=\"nofollow\">\n\t\t\t\t\t\t<span class=\"elementor-button-content-wrapper\">\n\t\t\t\t\t\t<span class=\"elementor-button-icon\">\n\t\t\t\t<i aria-hidden=\"true\" class=\"fas fa-video\"><\/i>\t\t\t<\/span>\n\t\t\t\t\t\t\t\t\t<span class=\"elementor-button-text\">Vid\u00e9o d\u2019instructions Leather Cleaner<\/span>\n\t\t\t\t\t<\/span>\n\t\t\t\t\t<\/a>\n\t\t\t\t<\/div>\n\t\t\t\t\t\t\t\t<\/div>\n\t\t\t\t<\/div>\n\t\t\t\t<\/div>\n\t\t\t\t<\/div>\n\t\t\t\t\t<\/div>\n\t\t\t\t<\/div>\n\t\t\t\t<\/div>\n\t\t<div class=\"elementor-element elementor-element-29d5e33 e-con-full e-flex e-con e-child\" data-id=\"29d5e33\" data-element_type=\"container\" data-settings=\"{&quot;background_background&quot;:&quot;classic&quot;}\">\n\t\t<div class=\"elementor-element elementor-element-fdbc3f6 e-flex e-con-boxed e-con e-child\" data-id=\"fdbc3f6\" data-element_type=\"container\">\n\t\t\t\t\t<div class=\"e-con-inner\">\n\t\t\t\t<div class=\"elementor-element elementor-element-ed57b47 elementor-widget elementor-widget-heading\" data-id=\"ed57b47\" data-element_type=\"widget\" data-widget_type=\"heading.default\">\n\t\t\t\t<div class=\"elementor-widget-container\">\n\t\t\t\t\t<h3 class=\"elementor-heading-title elementor-size-default\">Pour les meubles en cuir ouvert<\/h3>\t\t\t\t<\/div>\n\t\t\t\t<\/div>\n\t\t<div class=\"elementor-element elementor-element-9feda71 e-con-full e-flex e-con e-child\" data-id=\"9feda71\" data-element_type=\"container\">\n\t\t<div class=\"elementor-element elementor-element-ee19bd3 e-con-full e-flex e-con e-child\" data-id=\"ee19bd3\" data-element_type=\"container\">\n\t\t\t\t<\/div>\n\t\t<div class=\"elementor-element elementor-element-b82c9f9 e-con-full e-flex e-con e-child\" data-id=\"b82c9f9\" data-element_type=\"container\">\n\t\t\t\t<div class=\"elementor-element elementor-element-825f57a elementor-widget elementor-widget-text-editor\" data-id=\"825f57a\" data-element_type=\"widget\" data-widget_type=\"text-editor.default\">\n\t\t\t\t<div class=\"elementor-widget-container\">\n\t\t\t\t\t\t\t\t\t<p><strong>Open Leather Lotion <\/strong><\/p><p>La Open Leather Lotion est un produit multifonctionnel. Elle prot\u00e8ge, nourrit et nettoie. Id\u00e9ale, donc !   La vid\u00e9o ci-dessous vous montre comment l\u2019utiliser facilement. <\/p>\t\t\t\t\t\t\t\t<\/div>\n\t\t\t\t<\/div>\n\t\t\t\t<div class=\"elementor-element elementor-element-3302941 elementor-widget elementor-widget-button\" data-id=\"3302941\" data-element_type=\"widget\" data-widget_type=\"button.default\">\n\t\t\t\t<div class=\"elementor-widget-container\">\n\t\t\t\t\t\t\t\t\t<div class=\"elementor-button-wrapper\">\n\t\t\t\t\t<a class=\"elementor-button elementor-button-link elementor-size-sm\" href=\"https:\/\/allinhouse.nl\/instructievideos\/FR\/open-leather-lotion.html\" target=\"_blank\" rel=\"nofollow\">\n\t\t\t\t\t\t<span class=\"elementor-button-content-wrapper\">\n\t\t\t\t\t\t<span class=\"elementor-button-icon\">\n\t\t\t\t<i aria-hidden=\"true\" class=\"fas fa-video\"><\/i>\t\t\t<\/span>\n\t\t\t\t\t\t\t\t\t<span class=\"elementor-button-text\">Vid\u00e9o d\u2019instructions Open Leather Lotion<\/span>\n\t\t\t\t\t<\/span>\n\t\t\t\t\t<\/a>\n\t\t\t\t<\/div>\n\t\t\t\t\t\t\t\t<\/div>\n\t\t\t\t<\/div>\n\t\t\t\t<\/div>\n\t\t\t\t<\/div>\n\t\t\t\t\t<\/div>\n\t\t\t\t<\/div>\n\t\t\t\t<\/div>\n\t\t\t\t<\/div>\n\t\t\t\t<\/div>\n\t\t","protected":false},"excerpt":{"rendered":"<p>Les conseils mobilier de All in House Nos conseils pour profiter sans souci de vos meubles Pour que vous puissiez profiter pleinement de votre nouveau meuble, vous avez re\u00e7u, lors de votre achat chez All in House, un set de services contenant nos produits d\u2019entretien haut de gamme. Ceux-ci vous permettront de garder facilement votre [&hellip;]<\/p>\n","protected":false},"author":2,"featured_media":0,"parent":0,"menu_order":0,"comment_status":"closed","ping_status":"closed","template":"","meta":{"inline_featured_image":false,"footnotes":""},"class_list":["post-19471","page","type-page","status-publish","hentry"],"yoast_head":"<!-- This site is optimized with the Yoast SEO plugin v26.9 - https:\/\/yoast.com\/product\/yoast-seo-wordpress\/ -->\n<title>Les conseils meubles - All in House Service<\/title>\n<meta name=\"robots\" content=\"index, follow, max-snippet:-1, max-image-preview:large, max-video-preview:-1\" \/>\n<link rel=\"canonical\" href=\"https:\/\/www.allinhouse.nl\/tips\/\" \/>\n<meta property=\"og:locale\" content=\"fr_FR\" \/>\n<meta property=\"og:type\" content=\"article\" \/>\n<meta property=\"og:title\" content=\"Les conseils meubles - All in House Service\" \/>\n<meta property=\"og:description\" content=\"Les conseils mobilier de All in House Nos conseils pour profiter sans souci de vos meubles Pour que vous puissiez profiter pleinement de votre nouveau meuble, vous avez re\u00e7u, lors de votre achat chez All in House, un set de services contenant nos produits d\u2019entretien haut de gamme. Ceux-ci vous permettront de garder facilement votre [&hellip;]\" \/>\n<meta property=\"og:url\" content=\"https:\/\/www.allinhouse.nl\/tips\/\" \/>\n<meta property=\"og:site_name\" content=\"All in House Service\" \/>\n<meta property=\"article:publisher\" content=\"https:\/\/www.facebook.com\/allinhouseservice\" \/>\n<meta property=\"article:modified_time\" content=\"2026-01-06T10:57:26+00:00\" \/>\n<meta name=\"twitter:card\" content=\"summary_large_image\" \/>\n<meta name=\"twitter:label1\" content=\"Dur\u00e9e de lecture estim\u00e9e\" \/>\n\t<meta name=\"twitter:data1\" content=\"2 minutes\" \/>\n<script type=\"application\/ld+json\" class=\"yoast-schema-graph\">{\"@context\":\"https:\/\/schema.org\",\"@graph\":[{\"@type\":\"WebPage\",\"@id\":\"https:\/\/www.allinhouse.nl\/tips\/\",\"url\":\"https:\/\/www.allinhouse.nl\/tips\/\",\"name\":\"Les conseils meubles - All in House Service\",\"isPartOf\":{\"@id\":\"https:\/\/www.allinhouse.nl\/#website\"},\"datePublished\":\"2025-08-30T09:20:47+00:00\",\"dateModified\":\"2026-01-06T10:57:26+00:00\",\"breadcrumb\":{\"@id\":\"https:\/\/www.allinhouse.nl\/tips\/#breadcrumb\"},\"inLanguage\":\"fr-FR\",\"potentialAction\":[{\"@type\":\"ReadAction\",\"target\":[\"https:\/\/www.allinhouse.nl\/tips\/\"]}]},{\"@type\":\"BreadcrumbList\",\"@id\":\"https:\/\/www.allinhouse.nl\/tips\/#breadcrumb\",\"itemListElement\":[{\"@type\":\"ListItem\",\"position\":1,\"name\":\"Home\",\"item\":\"https:\/\/www.allinhouse.nl\/fr\/\"},{\"@type\":\"ListItem\",\"position\":2,\"name\":\"Les conseils meubles\"}]},{\"@type\":\"WebSite\",\"@id\":\"https:\/\/www.allinhouse.nl\/#website\",\"url\":\"https:\/\/www.allinhouse.nl\/\",\"name\":\"All in House\",\"description\":\"Just enjoy\",\"publisher\":{\"@id\":\"https:\/\/www.allinhouse.nl\/#organization\"},\"potentialAction\":[{\"@type\":\"SearchAction\",\"target\":{\"@type\":\"EntryPoint\",\"urlTemplate\":\"https:\/\/www.allinhouse.nl\/?s={search_term_string}\"},\"query-input\":{\"@type\":\"PropertyValueSpecification\",\"valueRequired\":true,\"valueName\":\"search_term_string\"}}],\"inLanguage\":\"fr-FR\"},{\"@type\":\"Organization\",\"@id\":\"https:\/\/www.allinhouse.nl\/#organization\",\"name\":\"All in House\",\"url\":\"https:\/\/www.allinhouse.nl\/\",\"logo\":{\"@type\":\"ImageObject\",\"inLanguage\":\"fr-FR\",\"@id\":\"https:\/\/www.allinhouse.nl\/#\/schema\/logo\/image\/\",\"url\":\"https:\/\/www.allinhouse.nl\/wp-content\/uploads\/2026\/01\/Logo-AIH-scaled.png\",\"contentUrl\":\"https:\/\/www.allinhouse.nl\/wp-content\/uploads\/2026\/01\/Logo-AIH-scaled.png\",\"width\":1764,\"height\":2560,\"caption\":\"All in House\"},\"image\":{\"@id\":\"https:\/\/www.allinhouse.nl\/#\/schema\/logo\/image\/\"},\"sameAs\":[\"https:\/\/www.facebook.com\/allinhouseservice\",\"https:\/\/www.instagram.com\/all_in_house_service_\/\"]}]}<\/script>\n<!-- \/ Yoast SEO plugin. -->","yoast_head_json":{"title":"Les conseils meubles - All in House Service","robots":{"index":"index","follow":"follow","max-snippet":"max-snippet:-1","max-image-preview":"max-image-preview:large","max-video-preview":"max-video-preview:-1"},"canonical":"https:\/\/www.allinhouse.nl\/tips\/","og_locale":"fr_FR","og_type":"article","og_title":"Les conseils meubles - All in House Service","og_description":"Les conseils mobilier de All in House Nos conseils pour profiter sans souci de vos meubles Pour que vous puissiez profiter pleinement de votre nouveau meuble, vous avez re\u00e7u, lors de votre achat chez All in House, un set de services contenant nos produits d\u2019entretien haut de gamme. Ceux-ci vous permettront de garder facilement votre [&hellip;]","og_url":"https:\/\/www.allinhouse.nl\/tips\/","og_site_name":"All in House Service","article_publisher":"https:\/\/www.facebook.com\/allinhouseservice","article_modified_time":"2026-01-06T10:57:26+00:00","twitter_card":"summary_large_image","twitter_misc":{"Dur\u00e9e de lecture estim\u00e9e":"2 minutes"},"schema":{"@context":"https:\/\/schema.org","@graph":[{"@type":"WebPage","@id":"https:\/\/www.allinhouse.nl\/tips\/","url":"https:\/\/www.allinhouse.nl\/tips\/","name":"Les conseils meubles - All in House Service","isPartOf":{"@id":"https:\/\/www.allinhouse.nl\/#website"},"datePublished":"2025-08-30T09:20:47+00:00","dateModified":"2026-01-06T10:57:26+00:00","breadcrumb":{"@id":"https:\/\/www.allinhouse.nl\/tips\/#breadcrumb"},"inLanguage":"fr-FR","potentialAction":[{"@type":"ReadAction","target":["https:\/\/www.allinhouse.nl\/tips\/"]}]},{"@type":"BreadcrumbList","@id":"https:\/\/www.allinhouse.nl\/tips\/#breadcrumb","itemListElement":[{"@type":"ListItem","position":1,"name":"Home","item":"https:\/\/www.allinhouse.nl\/fr\/"},{"@type":"ListItem","position":2,"name":"Les conseils meubles"}]},{"@type":"WebSite","@id":"https:\/\/www.allinhouse.nl\/#website","url":"https:\/\/www.allinhouse.nl\/","name":"All in House","description":"Just enjoy","publisher":{"@id":"https:\/\/www.allinhouse.nl\/#organization"},"potentialAction":[{"@type":"SearchAction","target":{"@type":"EntryPoint","urlTemplate":"https:\/\/www.allinhouse.nl\/?s={search_term_string}"},"query-input":{"@type":"PropertyValueSpecification","valueRequired":true,"valueName":"search_term_string"}}],"inLanguage":"fr-FR"},{"@type":"Organization","@id":"https:\/\/www.allinhouse.nl\/#organization","name":"All in House","url":"https:\/\/www.allinhouse.nl\/","logo":{"@type":"ImageObject","inLanguage":"fr-FR","@id":"https:\/\/www.allinhouse.nl\/#\/schema\/logo\/image\/","url":"https:\/\/www.allinhouse.nl\/wp-content\/uploads\/2026\/01\/Logo-AIH-scaled.png","contentUrl":"https:\/\/www.allinhouse.nl\/wp-content\/uploads\/2026\/01\/Logo-AIH-scaled.png","width":1764,"height":2560,"caption":"All in House"},"image":{"@id":"https:\/\/www.allinhouse.nl\/#\/schema\/logo\/image\/"},"sameAs":["https:\/\/www.facebook.com\/allinhouseservice","https:\/\/www.instagram.com\/all_in_house_service_\/"]}]}},"_links":{"self":[{"href":"https:\/\/www.allinhouse.nl\/fr\/wp-json\/wp\/v2\/pages\/19471","targetHints":{"allow":["GET"]}}],"collection":[{"href":"https:\/\/www.allinhouse.nl\/fr\/wp-json\/wp\/v2\/pages"}],"about":[{"href":"https:\/\/www.allinhouse.nl\/fr\/wp-json\/wp\/v2\/types\/page"}],"author":[{"embeddable":true,"href":"https:\/\/www.allinhouse.nl\/fr\/wp-json\/wp\/v2\/users\/2"}],"replies":[{"embeddable":true,"href":"https:\/\/www.allinhouse.nl\/fr\/wp-json\/wp\/v2\/comments?post=19471"}],"version-history":[{"count":10,"href":"https:\/\/www.allinhouse.nl\/fr\/wp-json\/wp\/v2\/pages\/19471\/revisions"}],"predecessor-version":[{"id":21090,"href":"https:\/\/www.allinhouse.nl\/fr\/wp-json\/wp\/v2\/pages\/19471\/revisions\/21090"}],"wp:attachment":[{"href":"https:\/\/www.allinhouse.nl\/fr\/wp-json\/wp\/v2\/media?parent=19471"}],"curies":[{"name":"wp","href":"https:\/\/api.w.org\/{rel}","templated":true}]}}